{"id":364,"date":"2024-12-24T04:27:30","date_gmt":"2024-12-24T04:27:30","guid":{"rendered":"https:\/\/replicounts.org\/?page_id=364"},"modified":"2025-01-28T05:45:42","modified_gmt":"2025-01-28T05:45:42","slug":"about","status":"publish","type":"page","link":"https:\/\/replicounts.org\/es\/about\/","title":{"rendered":"Sobre nosotros"},"content":{"rendered":"<p>RepliCounts.org es una plataforma basada en la investigaci\u00f3n dedicada a la escalabilidad de servidores proxy y la gesti\u00f3n de conexiones. Analizamos el rendimiento de los servidores proxy en condiciones de alta carga, brindamos informaci\u00f3n sobre c\u00f3mo maximizar las conexiones simult\u00e1neas y exploramos las mejores pr\u00e1cticas para una implementaci\u00f3n eficiente de servidores proxy. Ya sea que est\u00e9 administrando operaciones de extracci\u00f3n de datos a gran escala, flujos de trabajo de automatizaci\u00f3n o entornos de m\u00faltiples cuentas, Replicounts.org ofrece el conocimiento t\u00e9cnico y las estrategias respaldadas por datos para mejorar el rendimiento y la estabilidad.<\/p>","protected":false},"excerpt":{"rendered":"<p>RepliCounts.org is a research-driven platform dedicated to proxy server scalability and connection management. We analyze how proxies perform under high-load conditions, provide insights on maximizing concurrent connections, and explore best practices for efficient proxy deployment. Whether you&#39;re managing large-scale scraping operations, automation workflows, or multi-account environments, Replicounts.org delivers the technical knowledge and data-backed strategies to [&hellip;]<\/p>\n","protected":false},"author":1,"featured_media":0,"parent":0,"menu_order":0,"comment_status":"closed","ping_status":"closed","template":"","meta":{"_acf_changed":false,"footnotes":""},"class_list":["post-364","page","type-page","status-publish","hentry"],"acf":[],"_links":{"self":[{"href":"https:\/\/replicounts.org\/es\/wp-json\/wp\/v2\/pages\/364","targetHints":{"allow":["GET"]}}],"collection":[{"href":"https:\/\/replicounts.org\/es\/wp-json\/wp\/v2\/pages"}],"about":[{"href":"https:\/\/replicounts.org\/es\/wp-json\/wp\/v2\/types\/page"}],"author":[{"embeddable":true,"href":"https:\/\/replicounts.org\/es\/wp-json\/wp\/v2\/users\/1"}],"replies":[{"embeddable":true,"href":"https:\/\/replicounts.org\/es\/wp-json\/wp\/v2\/comments?post=364"}],"version-history":[{"count":4,"href":"https:\/\/replicounts.org\/es\/wp-json\/wp\/v2\/pages\/364\/revisions"}],"predecessor-version":[{"id":385,"href":"https:\/\/replicounts.org\/es\/wp-json\/wp\/v2\/pages\/364\/revisions\/385"}],"wp:attachment":[{"href":"https:\/\/replicounts.org\/es\/wp-json\/wp\/v2\/media?parent=364"}],"curies":[{"name":"gracias","href":"https:\/\/api.w.org\/{rel}","templated":true}]}}